{"id":125035,"date":"2023-01-26T11:38:58","date_gmt":"2023-01-26T10:38:58","guid":{"rendered":"https:\/\/undsgn.com\/uncode\/?page_id=125035"},"modified":"2025-03-24T00:53:27","modified_gmt":"2025-03-23T16:53:27","slug":"projects","status":"publish","type":"page","link":"https:\/\/www.eano.fi\/fi\/projects\/","title":{"rendered":"Projektit"},"content":{"rendered":"<p>[vc_row row_height_percent=&#8221;85&#8243; override_padding=&#8221;yes&#8221; h_padding=&#8221;2&#8243; top_padding=&#8221;7&#8243; bottom_padding=&#8221;7&#8243; back_image=&#8221;141882&#8243; parallax=&#8221;yes&#8221; kburns=&#8221;yes&#8221; overlay_color=&#8221;color-nhtu&#8221; overlay_alpha=&#8221;20&#8243; gutter_size=&#8221;3&#8243; column_width_percent=&#8221;100&#8243; shift_y=&#8221;0&#8243; z_index=&#8221;0&#8243; content_parallax=&#8221;0&#8243; uncode_shortcode_id=&#8221;199784&#8243; overlay_color_type=&#8221;uncode-palette&#8221;][vc_column column_width_percent=&#8221;100&#8243; position_vertical=&#8221;middle&#8221; align_horizontal=&#8221;align_center&#8221; gutter_size=&#8221;2&#8243; style=&#8221;dark&#8221; overlay_alpha=&#8221;50&#8243; shift_x=&#8221;0&#8243; shift_y=&#8221;0&#8243; shift_y_down=&#8221;0&#8243; z_index=&#8221;0&#8243; medium_width=&#8221;0&#8243; mobile_width=&#8221;0&#8243; width=&#8221;1\/1&#8243; uncode_shortcode_id=&#8221;104814&#8243;][vc_custom_heading text_size=&#8221;fontsize-445851&#8243; text_weight=&#8221;600&#8243; text_italic=&#8221;yes&#8221; uncode_shortcode_id=&#8221;154537&#8243;]Projektit[\/vc_custom_heading][\/vc_column][\/vc_row][vc_row row_height_percent=&#8221;0&#8243; override_padding=&#8221;yes&#8221; h_padding=&#8221;2&#8243; top_padding=&#8221;4&#8243; bottom_padding=&#8221;4&#8243; back_color=&#8221;color-prif&#8221; overlay_alpha=&#8221;50&#8243; gutter_size=&#8221;3&#8243; column_width_use_pixel=&#8221;yes&#8221; shift_y=&#8221;0&#8243; z_index=&#8221;0&#8243; uncode_shortcode_id=&#8221;880174&#8243; back_color_type=&#8221;uncode-palette&#8221; column_width_pixel=&#8221;800&#8243;][vc_column column_width_percent=&#8221;100&#8243; position_vertical=&#8221;middle&#8221; align_horizontal=&#8221;align_center&#8221; gutter_size=&#8221;2&#8243; style=&#8221;dark&#8221; overlay_alpha=&#8221;50&#8243; shift_x=&#8221;0&#8243; shift_y=&#8221;0&#8243; shift_y_down=&#8221;0&#8243; z_index=&#8221;0&#8243; medium_width=&#8221;0&#8243; mobile_width=&#8221;0&#8243; width=&#8221;1\/1&#8243; uncode_shortcode_id=&#8221;151810&#8243;][vc_custom_heading text_weight=&#8221;400&#8243; uncode_shortcode_id=&#8221;181452&#8243;]Meist\u00e4 sanottua[\/vc_custom_heading][\/vc_column][\/vc_row][vc_row unlock_row_content=&#8221;yes&#8221; row_height_percent=&#8221;0&#8243; override_padding=&#8221;yes&#8221; h_padding=&#8221;0&#8243; top_padding=&#8221;0&#8243; bottom_padding=&#8221;2&#8243; back_color=&#8221;color-lxmt&#8221; overlay_alpha=&#8221;50&#8243; gutter_size=&#8221;0&#8243; column_width_percent=&#8221;100&#8243; shift_y=&#8221;0&#8243; z_index=&#8221;0&#8243; content_parallax=&#8221;0&#8243; uncode_shortcode_id=&#8221;208877&#8243; back_color_type=&#8221;uncode-palette&#8221;][vc_column column_width_percent=&#8221;100&#8243; gutter_size=&#8221;0&#8243; overlay_alpha=&#8221;50&#8243; shift_x=&#8221;0&#8243; shift_y=&#8221;0&#8243; shift_y_down=&#8221;0&#8243; z_index=&#8221;0&#8243; medium_width=&#8221;0&#8243; mobile_width=&#8221;0&#8243; width=&#8221;2\/3&#8243; uncode_shortcode_id=&#8221;725693&#8243;][vc_row_inner row_inner_height_percent=&#8221;100&#8243; back_color=&#8221;color-lxmt&#8221; overlay_alpha=&#8221;50&#8243; equal_height=&#8221;yes&#8221; gutter_size=&#8221;3&#8243; shift_y=&#8221;0&#8243; z_index=&#8221;0&#8243; uncode_shortcode_id=&#8221;167982&#8243; back_color_type=&#8221;uncode-palette&#8221;][vc_column_inner column_width_percent=&#8221;80&#8243; position_vertical=&#8221;middle&#8221; gutter_size=&#8221;3&#8243; override_padding=&#8221;yes&#8221; column_padding=&#8221;2&#8243; overlay_alpha=&#8221;50&#8243; shift_x=&#8221;0&#8243; shift_y=&#8221;0&#8243; shift_y_down=&#8221;0&#8243; z_index=&#8221;0&#8243; medium_width=&#8221;0&#8243; mobile_width=&#8221;0&#8243; width=&#8221;1\/1&#8243; uncode_shortcode_id=&#8221;491466&#8243;][vc_custom_heading text_size=&#8221;fontsize-155944&#8243; text_weight=&#8221;400&#8243; uncode_shortcode_id=&#8221;263643&#8243;]Leena J\u00e4rvenp\u00e4\u00e4<br \/>\n<a href=\"https:\/\/www.linkosuo.fi\/\">Linkosuon Leipomo Oy<\/a>[\/vc_custom_heading][vc_column_text text_lead=&#8221;yes&#8221; uncode_shortcode_id=&#8221;160399&#8243;]&#8221;Aloitimme yhteisty\u00f6n Shanin kanssa vuoden 2017 loppupuolella, kun olimme tehneet p\u00e4\u00e4t\u00f6ksen laajentaa vienti\u00e4mme Kiinaan. N\u00e4emme Kiinan markkinoilla hyv\u00e4t mahdollisuudet terveellisimmille v\u00e4lipalatuotteille, mutta maan kieli, kulttuuri ja tapa harjoittaa liiketoimintaa olivat meille vieraita. Oli selv\u00e4\u00e4, ett\u00e4 tarvitsimme apua.<\/p>\n<p>Shan on auttanut meit\u00e4 ja ollut osa vientitiimi\u00e4mme jo reilun vuoden ajan. H\u00e4n on vastannut tuotteiden hyv\u00e4ksymisprosessista Kiinaan ja auttanut tuoteasiantuntijaamme monissa pakkausmerkint\u00f6ihin liittyviss\u00e4 asioissa.<\/p>\n<p>Shan on j\u00e4rjest\u00e4nyt tapaamisia mahdollisten jakelijoiden kanssa ja ollut erinomainen apu jakelijoiden valinnassa ja sopimusneuvotteluissa. H\u00e4n on hoitanut my\u00f6s Kiinan matkojen k\u00e4yt\u00e4nn\u00f6n j\u00e4rjestelyt. Moni asia matkoilla on hoitunut paljon nopeammin Shanin kiinan kielen ja paikallisten tapojen tuntemuksen ansiosta.<\/p>\n<p>Yhteisty\u00f6mme on sujunut eritt\u00e4in hyvin. Arvostan Shanin osaamista kaupallisissa asioissa ja lukemattomissa k\u00e4yt\u00e4nn\u00f6n yksityiskohdissa. H\u00e4n my\u00f6s jakaa tiet\u00e4myst\u00e4\u00e4n, mink\u00e4 ansiosta voimme itsekin oppia ja kehitty\u00e4 jatkuvasti.&#8221;[\/vc_column_text][\/vc_column_inner][\/vc_row_inner][\/vc_column][vc_column column_width_percent=&#8221;100&#8243; align_horizontal=&#8221;align_center&#8221; gutter_size=&#8221;0&#8243; override_padding=&#8221;yes&#8221; column_padding=&#8221;0&#8243; overlay_alpha=&#8221;0&#8243; shift_x=&#8221;0&#8243; shift_y=&#8221;0&#8243; shift_y_down=&#8221;0&#8243; z_index=&#8221;0&#8243; medium_width=&#8221;0&#8243; mobile_width=&#8221;0&#8243; width=&#8221;1\/3&#8243; mobile_height=&#8221;340&#8243; uncode_shortcode_id=&#8221;106851&#8243;][vc_single_image media=&#8221;141895&#8243; media_width_percent=&#8221;100&#8243; uncode_shortcode_id=&#8221;147658&#8243;][\/vc_column][\/vc_row][vc_row unlock_row_content=&#8221;yes&#8221; row_height_percent=&#8221;0&#8243; override_padding=&#8221;yes&#8221; h_padding=&#8221;0&#8243; top_padding=&#8221;0&#8243; bottom_padding=&#8221;2&#8243; back_color=&#8221;color-lxmt&#8221; overlay_alpha=&#8221;50&#8243; gutter_size=&#8221;0&#8243; column_width_percent=&#8221;100&#8243; shift_y=&#8221;0&#8243; z_index=&#8221;0&#8243; inverted_device_order=&#8221;yes&#8221; content_parallax=&#8221;0&#8243; uncode_shortcode_id=&#8221;140893&#8243; back_color_type=&#8221;uncode-palette&#8221; shape_dividers=&#8221;&#8221;][vc_column column_width_percent=&#8221;100&#8243; align_horizontal=&#8221;align_center&#8221; gutter_size=&#8221;0&#8243; override_padding=&#8221;yes&#8221; column_padding=&#8221;0&#8243; overlay_alpha=&#8221;0&#8243; shift_x=&#8221;0&#8243; shift_y=&#8221;0&#8243; shift_y_down=&#8221;0&#8243; z_index=&#8221;0&#8243; medium_width=&#8221;0&#8243; mobile_width=&#8221;0&#8243; width=&#8221;1\/3&#8243; mobile_height=&#8221;340&#8243; uncode_shortcode_id=&#8221;178239&#8243;][vc_single_image media=&#8221;141916&#8243; media_width_percent=&#8221;100&#8243; uncode_shortcode_id=&#8221;365867&#8243;][\/vc_column][vc_column column_width_percent=&#8221;100&#8243; position_vertical=&#8221;middle&#8221; gutter_size=&#8221;0&#8243; overlay_alpha=&#8221;50&#8243; shift_x=&#8221;0&#8243; shift_y=&#8221;0&#8243; shift_y_down=&#8221;0&#8243; z_index=&#8221;0&#8243; medium_width=&#8221;0&#8243; mobile_width=&#8221;0&#8243; width=&#8221;2\/3&#8243; uncode_shortcode_id=&#8221;322899&#8243;][vc_row_inner row_inner_height_percent=&#8221;100&#8243; back_color=&#8221;color-lxmt&#8221; overlay_alpha=&#8221;50&#8243; equal_height=&#8221;yes&#8221; gutter_size=&#8221;0&#8243; shift_y=&#8221;0&#8243; z_index=&#8221;0&#8243; uncode_shortcode_id=&#8221;153919&#8243; back_color_type=&#8221;uncode-palette&#8221;][vc_column_inner column_width_percent=&#8221;80&#8243; position_vertical=&#8221;middle&#8221; gutter_size=&#8221;3&#8243; override_padding=&#8221;yes&#8221; column_padding=&#8221;2&#8243; overlay_alpha=&#8221;50&#8243; shift_x=&#8221;0&#8243; shift_y=&#8221;0&#8243; shift_y_down=&#8221;0&#8243; z_index=&#8221;0&#8243; medium_width=&#8221;0&#8243; mobile_width=&#8221;0&#8243; width=&#8221;1\/1&#8243; uncode_shortcode_id=&#8221;105446&#8243;][vc_custom_heading text_size=&#8221;fontsize-155944&#8243; text_weight=&#8221;400&#8243; uncode_shortcode_id=&#8221;854103&#8243;]Johanna Heikkinen<br \/>\n<a href=\"http:\/\/www.fortunefalls.fi\/\">Fortune Falls<\/a>[\/vc_custom_heading][vc_column_text text_lead=&#8221;yes&#8221; uncode_shortcode_id=&#8221;202575&#8243;]&#8221;Shan ja h\u00e4nen tiimins\u00e4 ovat tehneet kanssani yhteisty\u00f6t\u00e4 useaan otteeseen. Arvostan heid\u00e4n positiivista energiaansa ja ammattitaitoista l\u00e4hestymistapaansa. Shan on eritt\u00e4in taitava Kiinan markkinoiden asiantuntija, ja suosittelen h\u00e4nt\u00e4 mielell\u00e4ni yrityksille, jotka t\u00e4ht\u00e4\u00e4v\u00e4t Kiinan markkinoille.&#8221;<\/p>\n<p><em>Kuva: Team Finland, CIIE Shanghai 2018<\/em>[\/vc_column_text][\/vc_column_inner][\/vc_row_inner][\/vc_column][\/vc_row][vc_row unlock_row_content=&#8221;yes&#8221; row_height_percent=&#8221;0&#8243; override_padding=&#8221;yes&#8221; h_padding=&#8221;0&#8243; top_padding=&#8221;0&#8243; bottom_padding=&#8221;2&#8243; back_color=&#8221;color-lxmt&#8221; overlay_alpha=&#8221;50&#8243; gutter_size=&#8221;0&#8243; column_width_percent=&#8221;100&#8243; shift_y=&#8221;0&#8243; z_index=&#8221;0&#8243; content_parallax=&#8221;0&#8243; uncode_shortcode_id=&#8221;634302&#8243; back_color_type=&#8221;uncode-palette&#8221;][vc_column column_width_percent=&#8221;100&#8243; gutter_size=&#8221;0&#8243; overlay_alpha=&#8221;50&#8243; shift_x=&#8221;0&#8243; shift_y=&#8221;0&#8243; shift_y_down=&#8221;0&#8243; z_index=&#8221;0&#8243; medium_width=&#8221;0&#8243; mobile_width=&#8221;0&#8243; width=&#8221;2\/3&#8243; uncode_shortcode_id=&#8221;122665&#8243;][vc_row_inner row_inner_height_percent=&#8221;100&#8243; back_color=&#8221;color-lxmt&#8221; overlay_alpha=&#8221;50&#8243; equal_height=&#8221;yes&#8221; gutter_size=&#8221;3&#8243; shift_y=&#8221;0&#8243; z_index=&#8221;0&#8243; uncode_shortcode_id=&#8221;167982&#8243; back_color_type=&#8221;uncode-palette&#8221;][vc_column_inner column_width_percent=&#8221;80&#8243; position_vertical=&#8221;middle&#8221; gutter_size=&#8221;3&#8243; override_padding=&#8221;yes&#8221; column_padding=&#8221;2&#8243; overlay_alpha=&#8221;50&#8243; shift_x=&#8221;0&#8243; shift_y=&#8221;0&#8243; shift_y_down=&#8221;0&#8243; z_index=&#8221;0&#8243; medium_width=&#8221;0&#8243; mobile_width=&#8221;0&#8243; width=&#8221;1\/1&#8243; uncode_shortcode_id=&#8221;491466&#8243;][vc_custom_heading text_size=&#8221;fontsize-155944&#8243; text_weight=&#8221;400&#8243; uncode_shortcode_id=&#8221;178173&#8243;]Eeva-Liisa Lilja<br \/>\n<a href=\"http:\/\/www.fennopromo.fi\/\">Fennopromo Oy<\/a>[\/vc_custom_heading][vc_column_text text_lead=&#8221;yes&#8221; uncode_shortcode_id=&#8221;134151&#8243;]&#8221;Eano on tehokas ja ammattitaitoinen viennin edell\u00e4k\u00e4vij\u00e4. Yrityksell\u00e4 on pitk\u00e4 k\u00e4yt\u00e4nn\u00f6n kokemus vientikaupasta haastaville Aasian markkinoille. Markkinatuntemuksensa ansiosta yritys osaa neuvoa asiakkailleen oikeat toimintatavat markkinoille p\u00e4\u00e4syyn. Niin s\u00e4\u00e4styy aikaa ja rahaa.<\/p>\n<p>Eanolla on kielitaitoa, kulttuurintuntemusta ja valmiit verkostot kohdemaissa, mik\u00e4 nopeuttaa markkinoille p\u00e4\u00e4sy\u00e4. Yritys osaa my\u00f6s kouluttaa vientiyrityksi\u00e4 k\u00e4yt\u00e4nn\u00f6nl\u00e4heisesti.<\/p>\n<p>Suosittelen yrityksen palveluita Aasian elintarvikemarkkinoista kiinnostuneille yrityksille.&#8221;<\/p>\n<p><em>Photo: Fennopromo, Finnish Food Innovations<\/em>[\/vc_column_text][\/vc_column_inner][\/vc_row_inner][\/vc_column][vc_column column_width_percent=&#8221;100&#8243; align_horizontal=&#8221;align_center&#8221; gutter_size=&#8221;0&#8243; override_padding=&#8221;yes&#8221; column_padding=&#8221;0&#8243; overlay_alpha=&#8221;0&#8243; shift_x=&#8221;0&#8243; shift_y=&#8221;0&#8243; shift_y_down=&#8221;0&#8243; z_index=&#8221;0&#8243; medium_width=&#8221;0&#8243; mobile_width=&#8221;0&#8243; width=&#8221;1\/3&#8243; mobile_height=&#8221;340&#8243; uncode_shortcode_id=&#8221;159757&#8243;][vc_single_image media=&#8221;141919&#8243; media_width_percent=&#8221;100&#8243; uncode_shortcode_id=&#8221;193491&#8243;][\/vc_column][\/vc_row][vc_row unlock_row_content=&#8221;yes&#8221; row_height_percent=&#8221;0&#8243; override_padding=&#8221;yes&#8221; h_padding=&#8221;0&#8243; top_padding=&#8221;0&#8243; bottom_padding=&#8221;2&#8243; back_color=&#8221;color-lxmt&#8221; overlay_alpha=&#8221;50&#8243; gutter_size=&#8221;0&#8243; column_width_percent=&#8221;100&#8243; shift_y=&#8221;0&#8243; z_index=&#8221;0&#8243; inverted_device_order=&#8221;yes&#8221; content_parallax=&#8221;0&#8243; uncode_shortcode_id=&#8221;209178&#8243; back_color_type=&#8221;uncode-palette&#8221; shape_dividers=&#8221;&#8221;][vc_column column_width_percent=&#8221;100&#8243; align_horizontal=&#8221;align_center&#8221; gutter_size=&#8221;0&#8243; override_padding=&#8221;yes&#8221; column_padding=&#8221;0&#8243; overlay_alpha=&#8221;0&#8243; shift_x=&#8221;0&#8243; shift_y=&#8221;0&#8243; shift_y_down=&#8221;0&#8243; z_index=&#8221;0&#8243; medium_width=&#8221;0&#8243; mobile_width=&#8221;0&#8243; width=&#8221;1\/3&#8243; mobile_height=&#8221;340&#8243; uncode_shortcode_id=&#8221;156395&#8243;][vc_single_image media=&#8221;141921&#8243; media_width_percent=&#8221;100&#8243; uncode_shortcode_id=&#8221;312860&#8243;][\/vc_column][vc_column column_width_percent=&#8221;100&#8243; position_vertical=&#8221;middle&#8221; gutter_size=&#8221;0&#8243; overlay_alpha=&#8221;50&#8243; shift_x=&#8221;0&#8243; shift_y=&#8221;0&#8243; shift_y_down=&#8221;0&#8243; z_index=&#8221;0&#8243; medium_width=&#8221;0&#8243; mobile_width=&#8221;0&#8243; width=&#8221;2\/3&#8243; uncode_shortcode_id=&#8221;322899&#8243;][vc_row_inner row_inner_height_percent=&#8221;100&#8243; back_color=&#8221;color-lxmt&#8221; overlay_alpha=&#8221;50&#8243; equal_height=&#8221;yes&#8221; gutter_size=&#8221;0&#8243; shift_y=&#8221;0&#8243; z_index=&#8221;0&#8243; uncode_shortcode_id=&#8221;153919&#8243; back_color_type=&#8221;uncode-palette&#8221;][vc_column_inner column_width_percent=&#8221;80&#8243; position_vertical=&#8221;middle&#8221; gutter_size=&#8221;3&#8243; override_padding=&#8221;yes&#8221; column_padding=&#8221;2&#8243; overlay_alpha=&#8221;50&#8243; shift_x=&#8221;0&#8243; shift_y=&#8221;0&#8243; shift_y_down=&#8221;0&#8243; z_index=&#8221;0&#8243; medium_width=&#8221;0&#8243; mobile_width=&#8221;0&#8243; width=&#8221;1\/1&#8243; uncode_shortcode_id=&#8221;105446&#8243;][vc_custom_heading text_size=&#8221;fontsize-155944&#8243; text_weight=&#8221;400&#8243; uncode_shortcode_id=&#8221;147591&#8243;]Petri Autere<br \/>\n<a href=\"http:\/\/www.vanajan.fi\/fi\/\">Vanajan Keksit Oy<\/a>[\/vc_custom_heading][vc_column_text text_lead=&#8221;yes&#8221; uncode_shortcode_id=&#8221;149854&#8243;]&#8221;Meill\u00e4 ei ollut mit\u00e4\u00e4n erityisi\u00e4 ongelmia, vaan halusimme perehty\u00e4 tarkemmin Kiinan markkinoihin, jotta saisimme k\u00e4sityksen mahdollisuuksistamme lanseerata ja myyd\u00e4 tuotteitamme siell\u00e4. Koska markkinat ja niiden rakenne omine erityispiirteineen ovat monimutkaiset, kuten my\u00f6s liiketoimintakulttuuri, paikallistuntemus on v\u00e4ltt\u00e4m\u00e4t\u00f6nt\u00e4 SWOT-analyysiss\u00e4, tuotekohtaisissa ja teknisiss\u00e4 tutkimuksissa sek\u00e4 asiakassuhteiden tarpeiden ymm\u00e4rt\u00e4misess\u00e4.<\/p>\n<p>Palvelu oli kokonaisuudessaan laadukasta ja joustavaa, ja meid\u00e4n n\u00e4k\u00f6kulmastamme keskeist\u00e4 oli molemminpuolinen luottamus ja r\u00e4\u00e4t\u00e4l\u00f6idyn palvelupaketin hy\u00f6dyt. Suurin yll\u00e4tys oli markkinoiden ep\u00e4yhten\u00e4isyys sek\u00e4 vaikeudet l\u00f6yt\u00e4\u00e4 hyvi\u00e4 ja luotettavia yhteisty\u00f6kumppaneita. Kohokohtia olivat tietenkin ne hetket, kun yhdess\u00e4 saavutimme yhteisen suunnitelmamme etapit ja tavoitteet.<\/p>\n<p>Suosittelisin l\u00e4mpim\u00e4sti palveluitanne mille tahansa yritykselle, joka harkitsee Kiinan markkinoille menemist\u00e4 tai aikoo laajentaa sinne. Huolellinen ja perusteellinen pohjaty\u00f6 on jo puoli voittoa. Usein t\u00e4llainen ulkopuolinen apu on olennainen osa pitk\u00e4j\u00e4nteist\u00e4 vientisuunnitelmaa.&#8221;<\/p>\n<p><em>Juliste: SIAL Shanghai 2018<\/em>[\/vc_column_text][\/vc_column_inner][\/vc_row_inner][\/vc_column][\/vc_row][vc_row unlock_row_content=&#8221;yes&#8221; row_height_percent=&#8221;0&#8243; override_padding=&#8221;yes&#8221; h_padding=&#8221;0&#8243; top_padding=&#8221;0&#8243; bottom_padding=&#8221;0&#8243; back_color=&#8221;color-lxmt&#8221; overlay_alpha=&#8221;50&#8243; gutter_size=&#8221;0&#8243; column_width_percent=&#8221;100&#8243; shift_y=&#8221;0&#8243; z_index=&#8221;0&#8243; content_parallax=&#8221;0&#8243; uncode_shortcode_id=&#8221;752947&#8243; back_color_type=&#8221;uncode-palette&#8221;][vc_column column_width_percent=&#8221;100&#8243; gutter_size=&#8221;0&#8243; overlay_alpha=&#8221;50&#8243; shift_x=&#8221;0&#8243; shift_y=&#8221;0&#8243; shift_y_down=&#8221;0&#8243; z_index=&#8221;0&#8243; medium_width=&#8221;0&#8243; mobile_width=&#8221;0&#8243; width=&#8221;2\/3&#8243; uncode_shortcode_id=&#8221;122665&#8243;][vc_row_inner row_inner_height_percent=&#8221;100&#8243; back_color=&#8221;color-lxmt&#8221; overlay_alpha=&#8221;50&#8243; equal_height=&#8221;yes&#8221; gutter_size=&#8221;3&#8243; shift_y=&#8221;0&#8243; z_index=&#8221;0&#8243; uncode_shortcode_id=&#8221;167982&#8243; back_color_type=&#8221;uncode-palette&#8221;][vc_column_inner column_width_percent=&#8221;80&#8243; position_vertical=&#8221;middle&#8221; gutter_size=&#8221;3&#8243; override_padding=&#8221;yes&#8221; column_padding=&#8221;2&#8243; overlay_alpha=&#8221;50&#8243; shift_x=&#8221;0&#8243; shift_y=&#8221;0&#8243; shift_y_down=&#8221;0&#8243; z_index=&#8221;0&#8243; medium_width=&#8221;0&#8243; mobile_width=&#8221;0&#8243; width=&#8221;1\/1&#8243; uncode_shortcode_id=&#8221;491466&#8243;][vc_custom_heading text_size=&#8221;fontsize-155944&#8243; text_weight=&#8221;400&#8243; uncode_shortcode_id=&#8221;192015&#8243;]<a href=\"https:\/\/ruokatieto.fi\">Ruokatieto Yhdistys ry<\/a><br \/>\nKirjanpito &amp; Palkanlaskenta[\/vc_custom_heading][vc_column_text text_lead=&#8221;yes&#8221; uncode_shortcode_id=&#8221;117557&#8243;]Kolmivuotinen markkinointikampanja EU:n maatalousohjelman puitteissa, jonka budjetti oli 3 miljoonaa euroa ja joka oli kohdistettu Kiinan markkinoille.[\/vc_column_text][\/vc_column_inner][\/vc_row_inner][\/vc_column][vc_column column_width_percent=&#8221;100&#8243; align_horizontal=&#8221;align_center&#8221; gutter_size=&#8221;0&#8243; override_padding=&#8221;yes&#8221; column_padding=&#8221;0&#8243; overlay_alpha=&#8221;0&#8243; shift_x=&#8221;0&#8243; shift_y=&#8221;0&#8243; shift_y_down=&#8221;0&#8243; z_index=&#8221;0&#8243; medium_width=&#8221;0&#8243; mobile_width=&#8221;0&#8243; width=&#8221;1\/3&#8243; mobile_height=&#8221;340&#8243; uncode_shortcode_id=&#8221;747528&#8243;][vc_single_image media=&#8221;142261&#8243; media_width_percent=&#8221;100&#8243; uncode_shortcode_id=&#8221;125079&#8243;][\/vc_column][\/vc_row]<\/p>\n","protected":false},"excerpt":{"rendered":"<p>[vc_row row_height_p [&hellip;]<\/p>\n","protected":false},"author":1,"featured_media":0,"parent":0,"menu_order":0,"comment_status":"closed","ping_status":"closed","template":"","meta":{"footnotes":""},"class_list":["post-125035","page","type-page","status-publish","hentry"],"_links":{"self":[{"href":"https:\/\/www.eano.fi\/fi\/wp-json\/wp\/v2\/pages\/125035","targetHints":{"allow":["GET"]}}],"collection":[{"href":"https:\/\/www.eano.fi\/fi\/wp-json\/wp\/v2\/pages"}],"about":[{"href":"https:\/\/www.eano.fi\/fi\/wp-json\/wp\/v2\/types\/page"}],"author":[{"embeddable":true,"href":"https:\/\/www.eano.fi\/fi\/wp-json\/wp\/v2\/users\/1"}],"replies":[{"embeddable":true,"href":"https:\/\/www.eano.fi\/fi\/wp-json\/wp\/v2\/comments?post=125035"}],"version-history":[{"count":40,"href":"https:\/\/www.eano.fi\/fi\/wp-json\/wp\/v2\/pages\/125035\/revisions"}],"predecessor-version":[{"id":142313,"href":"https:\/\/www.eano.fi\/fi\/wp-json\/wp\/v2\/pages\/125035\/revisions\/142313"}],"wp:attachment":[{"href":"https:\/\/www.eano.fi\/fi\/wp-json\/wp\/v2\/media?parent=125035"}],"curies":[{"name":"wp","href":"https:\/\/api.w.org\/{rel}","templated":true}]}}