{"id":88614,"date":"2021-03-18T15:39:08","date_gmt":"2021-03-18T14:39:08","guid":{"rendered":"https:\/\/undsgn.com\/uncode\/?page_id=88614"},"modified":"2025-03-17T15:18:51","modified_gmt":"2025-03-17T07:18:51","slug":"about","status":"publish","type":"page","link":"https:\/\/www.eano.fi\/fi\/about\/","title":{"rendered":"Meist\u00e4"},"content":{"rendered":"<p>[vc_row row_height_percent=&#8221;85&#8243; override_padding=&#8221;yes&#8221; h_padding=&#8221;2&#8243; top_padding=&#8221;7&#8243; bottom_padding=&#8221;7&#8243; back_color=&#8221;accent&#8221; back_image=&#8221;141590&#8243; back_position=&#8221;left center&#8221; parallax=&#8221;yes&#8221; kburns=&#8221;yes&#8221; overlay_color=&#8221;color-nhtu&#8221; overlay_alpha=&#8221;20&#8243; gutter_size=&#8221;3&#8243; column_width_percent=&#8221;100&#8243; shift_y=&#8221;0&#8243; z_index=&#8221;0&#8243; content_parallax=&#8221;0&#8243; uncode_shortcode_id=&#8221;172272&#8243; back_color_type=&#8221;uncode-palette&#8221; overlay_color_type=&#8221;uncode-palette&#8221;][vc_column column_width_percent=&#8221;100&#8243; position_vertical=&#8221;middle&#8221; align_horizontal=&#8221;align_center&#8221; gutter_size=&#8221;2&#8243; style=&#8221;dark&#8221; overlay_alpha=&#8221;50&#8243; shift_x=&#8221;0&#8243; shift_y=&#8221;0&#8243; shift_y_down=&#8221;0&#8243; z_index=&#8221;0&#8243; medium_width=&#8221;0&#8243; mobile_width=&#8221;0&#8243; width=&#8221;1\/1&#8243; uncode_shortcode_id=&#8221;205398&#8243;][vc_custom_heading text_size=&#8221;fontsize-445851&#8243; text_weight=&#8221;600&#8243; text_italic=&#8221;yes&#8221; uncode_shortcode_id=&#8221;162309&#8243;]Meist\u00e4[\/vc_custom_heading][\/vc_column][\/vc_row][vc_row row_height_percent=&#8221;0&#8243; override_padding=&#8221;yes&#8221; h_padding=&#8221;4&#8243; top_padding=&#8221;4&#8243; bottom_padding=&#8221;4&#8243; back_color=&#8221;color-prif&#8221; overlay_alpha=&#8221;50&#8243; gutter_size=&#8221;3&#8243; column_width_percent=&#8221;100&#8243; shift_y=&#8221;0&#8243; z_index=&#8221;0&#8243; content_parallax=&#8221;0&#8243; uncode_shortcode_id=&#8221;810412&#8243; back_color_type=&#8221;uncode-palette&#8221;][vc_column column_width_percent=&#8221;100&#8243; position_vertical=&#8221;middle&#8221; gutter_size=&#8221;2&#8243; style=&#8221;dark&#8221; overlay_alpha=&#8221;50&#8243; shift_x=&#8221;0&#8243; shift_y=&#8221;0&#8243; shift_y_down=&#8221;0&#8243; z_index=&#8221;0&#8243; medium_width=&#8221;0&#8243; mobile_width=&#8221;0&#8243; width=&#8221;1\/1&#8243; uncode_shortcode_id=&#8221;600732&#8243;][vc_custom_heading text_size=&#8221;h4&#8243; text_weight=&#8221;400&#8243; text_height=&#8221;fontheight-357766&#8243; uncode_shortcode_id=&#8221;835478&#8243;]Olemme suomalainen konsulttiyritys, jonka p\u00e4\u00e4konttori sijaitsee Helsingiss\u00e4 ja jolla on tyt\u00e4ryhti\u00f6 Shanghaissa, Kiinassa. Yrityksemme on erikoistunut elintarvikealan kansainv\u00e4lisen kaupan ja viennin k\u00e4yt\u00e4nt\u00f6ihin. Viime vuosina olemme palvelleet suomalaisia yrityksi\u00e4 luomalla tehokkaita vientiratkaisuja Kiinan markkinoille. Kokemuksemme ja resurssiemme avulla autamme yrityst\u00e4nne l\u00f6yt\u00e4m\u00e4\u00e4n parhaan mahdollisen tavan vied\u00e4 br\u00e4ndinne ja tuotteenne Kiinan ja muiden Aasian maiden markkinoille.[\/vc_custom_heading][\/vc_column][\/vc_row][vc_row row_height_percent=&#8221;0&#8243; override_padding=&#8221;yes&#8221; h_padding=&#8221;2&#8243; top_padding=&#8221;4&#8243; bottom_padding=&#8221;3&#8243; back_color=&#8221;color-xsdn&#8221; overlay_alpha=&#8221;50&#8243; gutter_size=&#8221;3&#8243; column_width_percent=&#8221;100&#8243; shift_y=&#8221;0&#8243; z_index=&#8221;0&#8243; uncode_shortcode_id=&#8221;650199&#8243; back_color_type=&#8221;uncode-palette&#8221;][vc_column column_width_use_pixel=&#8221;yes&#8221; align_horizontal=&#8221;align_center&#8221; gutter_size=&#8221;2&#8243; style=&#8221;dark&#8221; overlay_alpha=&#8221;50&#8243; shift_x=&#8221;0&#8243; shift_y=&#8221;0&#8243; shift_y_down=&#8221;0&#8243; z_index=&#8221;0&#8243; medium_width=&#8221;0&#8243; mobile_width=&#8221;0&#8243; width=&#8221;1\/1&#8243; column_width_pixel=&#8221;900&#8243;][vc_custom_heading text_color=&#8221;color-jevc&#8221; text_size=&#8221;fontsize-155944&#8243; text_weight=&#8221;400&#8243; uncode_shortcode_id=&#8221;136891&#8243; text_color_type=&#8221;uncode-palette&#8221;]Tutustu Yrityksen Johtoon[\/vc_custom_heading][vc_separator sep_color=&#8221;&#8221; icon_position=&#8221;left&#8221; uncode_shortcode_id=&#8221;185362&#8243; sep_color_type=&#8221;uncode-solid&#8221; sep_color_solid=&#8221;#75697e&#8221; el_width=&#8221;90px&#8221; el_height=&#8221;2px&#8221;][\/vc_column][\/vc_row][vc_row row_height_percent=&#8221;0&#8243; override_padding=&#8221;yes&#8221; h_padding=&#8221;2&#8243; top_padding=&#8221;0&#8243; bottom_padding=&#8221;4&#8243; back_color=&#8221;color-xsdn&#8221; overlay_alpha=&#8221;50&#8243; gutter_size=&#8221;3&#8243; column_width_percent=&#8221;100&#8243; shift_y=&#8221;0&#8243; z_index=&#8221;0&#8243; content_parallax=&#8221;0&#8243; uncode_shortcode_id=&#8221;204341&#8243; back_color_type=&#8221;uncode-palette&#8221;][vc_column column_width_percent=&#8221;100&#8243; position_vertical=&#8221;middle&#8221; gutter_size=&#8221;0&#8243; style=&#8221;dark&#8221; overlay_alpha=&#8221;50&#8243; shift_x=&#8221;0&#8243; shift_y=&#8221;0&#8243; shift_y_down=&#8221;0&#8243; z_index=&#8221;0&#8243; medium_width=&#8221;4&#8243; mobile_width=&#8221;0&#8243; width=&#8221;1\/6&#8243; uncode_shortcode_id=&#8221;172674&#8243;][vc_single_image media=&#8221;142265&#8243; media_width_use_pixel=&#8221;yes&#8221; media_ratio=&#8221;one-one&#8221; shape=&#8221;img-circle&#8221; shadow=&#8221;yes&#8221; shadow_weight=&#8221;sm&#8221; uncode_shortcode_id=&#8221;110918&#8243; media_width_pixel=&#8221;300&#8243;][\/vc_column][vc_column column_width_percent=&#8221;100&#8243; position_vertical=&#8221;middle&#8221; gutter_size=&#8221;0&#8243; overlay_alpha=&#8221;50&#8243; shift_x=&#8221;0&#8243; shift_y=&#8221;0&#8243; shift_y_down=&#8221;0&#8243; z_index=&#8221;0&#8243; medium_width=&#8221;4&#8243; mobile_width=&#8221;0&#8243; width=&#8221;1\/3&#8243; uncode_shortcode_id=&#8221;196500&#8243;][vc_custom_heading text_color=&#8221;color-jevc&#8221; heading_semantic=&#8221;h3&#8243; text_size=&#8221;h4&#8243; uncode_shortcode_id=&#8221;305907&#8243; text_color_type=&#8221;uncode-palette&#8221; subheading=&#8221;Kiinan Aluejohtaja&#8221;]Zixuan Wu[\/vc_custom_heading][vc_empty_space empty_h=&#8221;2&#8243;][vc_column_text text_color=&#8221;color-wvjs&#8221; uncode_shortcode_id=&#8221;984972&#8243; text_color_type=&#8221;uncode-palette&#8221;]Zixuan on toiminut aiemmin p\u00f6rssiyhti\u00f6n talousjohtajana ja auttaa laaja-alaisen kokemuksensa avulla asiakkaitamme navigoimaan Kiinan monimutkaisessa rahoitusymp\u00e4rist\u00f6ss\u00e4. Vahvan taloushallinnon osaamisensa ja syv\u00e4llisen paikallistuntemuksensa ansiosta Zixuan on omistautunut tukemaan asiakkaitamme saavuttamaan tavoitteensa tehokkaasti.[\/vc_column_text][\/vc_column][vc_column width=&#8221;1\/6&#8243;][vc_single_image media=&#8221;142264&#8243; media_width_use_pixel=&#8221;yes&#8221; media_ratio=&#8221;one-one&#8221; shape=&#8221;img-circle&#8221; shadow=&#8221;yes&#8221; shadow_weight=&#8221;sm&#8221; uncode_shortcode_id=&#8221;664051&#8243; media_width_pixel=&#8221;300&#8243;][\/vc_column][vc_column width=&#8221;1\/3&#8243;][vc_custom_heading text_color=&#8221;color-jevc&#8221; heading_semantic=&#8221;h3&#8243; text_size=&#8221;h4&#8243; uncode_shortcode_id=&#8221;193858&#8243; text_color_type=&#8221;uncode-palette&#8221; subheading=&#8221;Suomen Aluejohtaja&#8221;]Shan Luolin[\/vc_custom_heading][vc_empty_space empty_h=&#8221;2&#8243;][vc_column_text text_color=&#8221;color-wvjs&#8221; uncode_shortcode_id=&#8221;126326&#8243; text_color_type=&#8221;uncode-palette&#8221;]Shanilla on vankka kokemus erilaisten projektien johtamisesta eri aloilla. Keskittym\u00e4ll\u00e4 tehokkaaseen tiiminhallintaan, sujuvaan viestint\u00e4\u00e4n ja optimaaliseen resurssien k\u00e4ytt\u00f6\u00f6n Shan varmistaa, ett\u00e4 East by Northin projektit toteutetaan saumattomasti, asiakkaiden tavoitteet t\u00e4ytt\u00e4en ja odotukset ylitt\u00e4en.[\/vc_column_text][\/vc_column][\/vc_row]<\/p>\n","protected":false},"excerpt":{"rendered":"<p>[vc_row row_height_p [&hellip;]<\/p>\n","protected":false},"author":1,"featured_media":0,"parent":0,"menu_order":0,"comment_status":"closed","ping_status":"closed","template":"","meta":{"footnotes":""},"class_list":["post-88614","page","type-page","status-publish","hentry"],"_links":{"self":[{"href":"https:\/\/www.eano.fi\/fi\/wp-json\/wp\/v2\/pages\/88614","targetHints":{"allow":["GET"]}}],"collection":[{"href":"https:\/\/www.eano.fi\/fi\/wp-json\/wp\/v2\/pages"}],"about":[{"href":"https:\/\/www.eano.fi\/fi\/wp-json\/wp\/v2\/types\/page"}],"author":[{"embeddable":true,"href":"https:\/\/www.eano.fi\/fi\/wp-json\/wp\/v2\/users\/1"}],"replies":[{"embeddable":true,"href":"https:\/\/www.eano.fi\/fi\/wp-json\/wp\/v2\/comments?post=88614"}],"version-history":[{"count":31,"href":"https:\/\/www.eano.fi\/fi\/wp-json\/wp\/v2\/pages\/88614\/revisions"}],"predecessor-version":[{"id":142294,"href":"https:\/\/www.eano.fi\/fi\/wp-json\/wp\/v2\/pages\/88614\/revisions\/142294"}],"wp:attachment":[{"href":"https:\/\/www.eano.fi\/fi\/wp-json\/wp\/v2\/media?parent=88614"}],"curies":[{"name":"wp","href":"https:\/\/api.w.org\/{rel}","templated":true}]}}