{"id":142409,"date":"2024-11-27T20:57:05","date_gmt":"2024-11-27T12:57:05","guid":{"rendered":"https:\/\/www.eano.fi\/zh\/?page_id=142409"},"modified":"2025-03-24T00:55:08","modified_gmt":"2025-03-23T16:55:08","slug":"projects","status":"publish","type":"page","link":"https:\/\/www.eano.fi\/zh\/projects\/","title":{"rendered":"\u9879\u76ee"},"content":{"rendered":"<p>[vc_row row_height_percent=&#8221;85&#8243; override_padding=&#8221;yes&#8221; h_padding=&#8221;2&#8243; top_padding=&#8221;7&#8243; bottom_padding=&#8221;7&#8243; back_image=&#8221;141712&#8243; parallax=&#8221;yes&#8221; kburns=&#8221;yes&#8221; overlay_color=&#8221;color-nhtu&#8221; overlay_alpha=&#8221;20&#8243; gutter_size=&#8221;3&#8243; column_width_percent=&#8221;100&#8243; shift_y=&#8221;0&#8243; z_index=&#8221;0&#8243; content_parallax=&#8221;0&#8243; uncode_shortcode_id=&#8221;711218&#8243; overlay_color_type=&#8221;uncode-palette&#8221;][vc_column column_width_percent=&#8221;100&#8243; position_vertical=&#8221;middle&#8221; align_horizontal=&#8221;align_center&#8221; gutter_size=&#8221;2&#8243; style=&#8221;dark&#8221; overlay_alpha=&#8221;50&#8243; shift_x=&#8221;0&#8243; shift_y=&#8221;0&#8243; shift_y_down=&#8221;0&#8243; z_index=&#8221;0&#8243; medium_width=&#8221;0&#8243; mobile_width=&#8221;0&#8243; width=&#8221;1\/1&#8243; uncode_shortcode_id=&#8221;104814&#8243;][vc_custom_heading text_size=&#8221;fontsize-445851&#8243; text_weight=&#8221;600&#8243; text_italic=&#8221;yes&#8221; uncode_shortcode_id=&#8221;752914&#8243;]\u6211\u4eec\u7684\u9879\u76ee[\/vc_custom_heading][\/vc_column][\/vc_row][vc_row row_height_percent=&#8221;0&#8243; override_padding=&#8221;yes&#8221; h_padding=&#8221;2&#8243; top_padding=&#8221;4&#8243; bottom_padding=&#8221;4&#8243; back_color=&#8221;color-prif&#8221; overlay_alpha=&#8221;50&#8243; gutter_size=&#8221;3&#8243; column_width_use_pixel=&#8221;yes&#8221; shift_y=&#8221;0&#8243; z_index=&#8221;0&#8243; uncode_shortcode_id=&#8221;880174&#8243; back_color_type=&#8221;uncode-palette&#8221; column_width_pixel=&#8221;800&#8243;][vc_column column_width_percent=&#8221;100&#8243; position_vertical=&#8221;middle&#8221; align_horizontal=&#8221;align_center&#8221; gutter_size=&#8221;2&#8243; style=&#8221;dark&#8221; overlay_alpha=&#8221;50&#8243; shift_x=&#8221;0&#8243; shift_y=&#8221;0&#8243; shift_y_down=&#8221;0&#8243; z_index=&#8221;0&#8243; medium_width=&#8221;0&#8243; mobile_width=&#8221;0&#8243; width=&#8221;1\/1&#8243; uncode_shortcode_id=&#8221;151810&#8243;][vc_custom_heading text_weight=&#8221;400&#8243; uncode_shortcode_id=&#8221;178964&#8243;]\u5ba2\u6237\u8bc4\u4ef7[\/vc_custom_heading][\/vc_column][\/vc_row][vc_row unlock_row_content=&#8221;yes&#8221; row_height_percent=&#8221;0&#8243; override_padding=&#8221;yes&#8221; h_padding=&#8221;0&#8243; top_padding=&#8221;0&#8243; bottom_padding=&#8221;2&#8243; back_color=&#8221;color-lxmt&#8221; overlay_alpha=&#8221;50&#8243; gutter_size=&#8221;0&#8243; column_width_percent=&#8221;100&#8243; shift_y=&#8221;0&#8243; z_index=&#8221;0&#8243; content_parallax=&#8221;0&#8243; uncode_shortcode_id=&#8221;208877&#8243; back_color_type=&#8221;uncode-palette&#8221;][vc_column column_width_percent=&#8221;100&#8243; gutter_size=&#8221;0&#8243; overlay_alpha=&#8221;50&#8243; shift_x=&#8221;0&#8243; shift_y=&#8221;0&#8243; shift_y_down=&#8221;0&#8243; z_index=&#8221;0&#8243; medium_width=&#8221;0&#8243; mobile_width=&#8221;0&#8243; width=&#8221;2\/3&#8243; uncode_shortcode_id=&#8221;725693&#8243;][vc_row_inner row_inner_height_percent=&#8221;100&#8243; back_color=&#8221;color-lxmt&#8221; overlay_alpha=&#8221;50&#8243; equal_height=&#8221;yes&#8221; gutter_size=&#8221;3&#8243; shift_y=&#8221;0&#8243; z_index=&#8221;0&#8243; uncode_shortcode_id=&#8221;167982&#8243; back_color_type=&#8221;uncode-palette&#8221;][vc_column_inner column_width_percent=&#8221;80&#8243; position_vertical=&#8221;middle&#8221; gutter_size=&#8221;3&#8243; override_padding=&#8221;yes&#8221; column_padding=&#8221;2&#8243; overlay_alpha=&#8221;50&#8243; shift_x=&#8221;0&#8243; shift_y=&#8221;0&#8243; shift_y_down=&#8221;0&#8243; z_index=&#8221;0&#8243; medium_width=&#8221;0&#8243; mobile_width=&#8221;0&#8243; width=&#8221;1\/1&#8243; uncode_shortcode_id=&#8221;491466&#8243;][vc_custom_heading text_size=&#8221;fontsize-155944&#8243; text_weight=&#8221;400&#8243; uncode_shortcode_id=&#8221;263643&#8243;]Leena J\u00e4rvenp\u00e4\u00e4<br \/>\n<a href=\"https:\/\/www.linkosuo.fi\/\">Linkosuon Leipomo Oy<\/a>[\/vc_custom_heading][vc_column_text text_lead=&#8221;yes&#8221; uncode_shortcode_id=&#8221;481721&#8243;]\u201c\u6211\u4eec\u57282017\u5e74\u5e74\u5e95\u5f00\u59cb\u4e0eShan\u5408\u4f5c\uff0c\u5f53\u65f6\u516c\u53f8\u51b3\u5b9a\u6269\u5927\u5bf9\u4e2d\u56fd\u7684\u51fa\u53e3\u3002\u6211\u4eec\u53d1\u73b0\u4e2d\u56fd\u5e02\u573a\u5728\u5065\u5eb7\u96f6\u98df\u4ea7\u54c1\u65b9\u9762\u5177\u6709\u5e7f\u9614\u7684\u524d\u666f\uff0c\u4f46\u8bed\u8a00\u969c\u788d\u3001\u6587\u5316\u5dee\u5f02\u4ee5\u53ca\u5546\u4e1a\u6a21\u5f0f\u7684\u7279\u6b8a\u6027\u5bf9\u6211\u4eec\u6765\u8bf4\u662f\u4e2a\u6311\u6218\u3002\u663e\u7136\uff0c\u6211\u4eec\u9700\u8981\u5e2e\u52a9\u3002Shan \u534f\u52a9\u6211\u4eec\u5df2\u8d85\u8fc7\u4e00\u5e74\uff0c\u5e76\u4e00\u76f4\u662f\u6211\u4eec\u51fa\u53e3\u56e2\u961f\u7684\u91cd\u8981\u6210\u5458\u3002\u5979\u5168\u9762\u8d1f\u8d23\u4e86\u4ea7\u54c1\u5728\u4e2d\u56fd\u7684\u5ba1\u6279\u6d41\u7a0b\uff0c\u540c\u65f6\u8fd8\u5728\u8bb8\u591a\u4e0e\u5305\u88c5\u6807\u7b7e\u76f8\u5173\u7684\u95ee\u9898\u4e0a\u4e3a\u6211\u4eec\u7684\u4ea7\u54c1\u4e13\u5bb6\u63d0\u4f9b\u4e86\u652f\u6301\u3002Shan \u5b89\u6392\u4e86\u4e0e\u6f5c\u5728\u5206\u9500\u5546\u7684\u4f1a\u9762\uff0c\u5e76\u5728\u5206\u9500\u5546\u7684\u9009\u62e9\u548c\u5408\u540c\u8c08\u5224\u4e2d\u63d0\u4f9b\u4e86\u6781\u5927\u7684\u5e2e\u52a9\u3002\u6b64\u5916\uff0c\u5979\u8fd8\u8d1f\u8d23\u4e86\u6211\u4eec\u8d74\u4e2d\u56fd\u51fa\u5dee\u7684\u5404\u9879\u5b9e\u9645\u5b89\u6392\u3002\u5f97\u76ca\u4e8e\u5979\u5bf9\u4e2d\u6587\u548c\u5f53\u5730\u4e60\u4fd7\u7684\u4e86\u89e3\uff0c\u8bb8\u591a\u51fa\u5dee\u4e8b\u52a1\u5f97\u4ee5\u66f4\u52a0\u9ad8\u6548\u5730\u5b8c\u6210\u3002\u6211\u4eec\u7684\u5408\u4f5c\u975e\u5e38\u6109\u5feb\u4e14\u987a\u5229\u3002\u6211\u5bf9 Shan \u5728\u5546\u4e1a\u4e8b\u52a1\u548c\u5404\u79cd\u5b9e\u7528\u7ec6\u8282\u4e0a\u7684\u4e13\u4e1a\u80fd\u529b\u6df1\u8868\u8d5e\u8d4f\u3002\u5979\u8fd8\u6177\u6168\u5730\u5206\u4eab\u81ea\u5df1\u7684\u77e5\u8bc6\uff0c\u4f7f\u6211\u4eec\u80fd\u591f\u4e0d\u65ad\u5b66\u4e60\u548c\u8fdb\u6b65\u3002\u201d[\/vc_column_text][\/vc_column_inner][\/vc_row_inner][\/vc_column][vc_column column_width_percent=&#8221;100&#8243; align_horizontal=&#8221;align_center&#8221; gutter_size=&#8221;0&#8243; override_padding=&#8221;yes&#8221; column_padding=&#8221;0&#8243; overlay_alpha=&#8221;0&#8243; shift_x=&#8221;0&#8243; shift_y=&#8221;0&#8243; shift_y_down=&#8221;0&#8243; z_index=&#8221;0&#8243; medium_width=&#8221;0&#8243; mobile_width=&#8221;0&#8243; width=&#8221;1\/3&#8243; mobile_height=&#8221;340&#8243; uncode_shortcode_id=&#8221;106851&#8243;][vc_single_image media=&#8221;141711&#8243; media_width_percent=&#8221;100&#8243; uncode_shortcode_id=&#8221;172844&#8243;][\/vc_column][\/vc_row][vc_row unlock_row_content=&#8221;yes&#8221; row_height_percent=&#8221;0&#8243; override_padding=&#8221;yes&#8221; h_padding=&#8221;0&#8243; top_padding=&#8221;0&#8243; bottom_padding=&#8221;2&#8243; back_color=&#8221;color-lxmt&#8221; overlay_alpha=&#8221;50&#8243; gutter_size=&#8221;0&#8243; column_width_percent=&#8221;100&#8243; shift_y=&#8221;0&#8243; z_index=&#8221;0&#8243; inverted_device_order=&#8221;yes&#8221; content_parallax=&#8221;0&#8243; uncode_shortcode_id=&#8221;181851&#8243; back_color_type=&#8221;uncode-palette&#8221; shape_dividers=&#8221;&#8221;][vc_column column_width_percent=&#8221;100&#8243; align_horizontal=&#8221;align_center&#8221; gutter_size=&#8221;0&#8243; override_padding=&#8221;yes&#8221; column_padding=&#8221;0&#8243; overlay_alpha=&#8221;0&#8243; shift_x=&#8221;0&#8243; shift_y=&#8221;0&#8243; shift_y_down=&#8221;0&#8243; z_index=&#8221;0&#8243; medium_width=&#8221;0&#8243; mobile_width=&#8221;0&#8243; width=&#8221;1\/3&#8243; mobile_height=&#8221;340&#8243; uncode_shortcode_id=&#8221;178239&#8243;][vc_single_image media=&#8221;142251&#8243; media_width_percent=&#8221;100&#8243; uncode_shortcode_id=&#8221;529127&#8243;][\/vc_column][vc_column column_width_percent=&#8221;100&#8243; position_vertical=&#8221;middle&#8221; gutter_size=&#8221;0&#8243; overlay_alpha=&#8221;50&#8243; shift_x=&#8221;0&#8243; shift_y=&#8221;0&#8243; shift_y_down=&#8221;0&#8243; z_index=&#8221;0&#8243; medium_width=&#8221;0&#8243; mobile_width=&#8221;0&#8243; width=&#8221;2\/3&#8243; uncode_shortcode_id=&#8221;322899&#8243;][vc_row_inner row_inner_height_percent=&#8221;100&#8243; back_color=&#8221;color-lxmt&#8221; overlay_alpha=&#8221;50&#8243; equal_height=&#8221;yes&#8221; gutter_size=&#8221;0&#8243; shift_y=&#8221;0&#8243; z_index=&#8221;0&#8243; uncode_shortcode_id=&#8221;153919&#8243; back_color_type=&#8221;uncode-palette&#8221;][vc_column_inner column_width_percent=&#8221;80&#8243; position_vertical=&#8221;middle&#8221; gutter_size=&#8221;3&#8243; override_padding=&#8221;yes&#8221; column_padding=&#8221;2&#8243; overlay_alpha=&#8221;50&#8243; shift_x=&#8221;0&#8243; shift_y=&#8221;0&#8243; shift_y_down=&#8221;0&#8243; z_index=&#8221;0&#8243; medium_width=&#8221;0&#8243; mobile_width=&#8221;0&#8243; width=&#8221;1\/1&#8243; uncode_shortcode_id=&#8221;105446&#8243;][vc_custom_heading text_size=&#8221;fontsize-155944&#8243; text_weight=&#8221;400&#8243; uncode_shortcode_id=&#8221;854103&#8243;]Johanna Heikkinen<br \/>\n<a href=\"http:\/\/www.fortunefalls.fi\/\">Fortune Falls<\/a>[\/vc_custom_heading][vc_column_text text_lead=&#8221;yes&#8221; uncode_shortcode_id=&#8221;289133&#8243;]\u201c\u6211\u66fe\u591a\u6b21\u4e0e Shan \u548c\u5979\u7684\u56e2\u961f\u5408\u4f5c\uff0c\u6df1\u6df1\u611f\u53d7\u5230\u4ed6\u4eec\u7684\u79ef\u6781\u80fd\u91cf\u4e0e\u4e13\u4e1a\u6001\u5ea6\u3002Shan \u662f\u4e00\u4f4d\u6781\u5177\u80fd\u529b\u7684\u4e2d\u56fd\u5e02\u573a\u4e13\u5bb6\uff0c\u6211\u975e\u5e38\u613f\u610f\u5c06\u5979\u63a8\u8350\u7ed9\u4efb\u4f55\u60f3\u8fdb\u5165\u4e2d\u56fd\u5e02\u573a\u7684\u516c\u53f8\u3002\u201d<\/p>\n<p><em>\u7167\u7247\u6765\u6e90\uff1aTeam Finland\uff0c2018\u5e74\u4e2d\u56fd\u56fd\u9645\u8fdb\u53e3\u535a\u89c8\u4f1a\uff08CIIE\uff09\uff0c\u4e0a\u6d77<\/em>[\/vc_column_text][\/vc_column_inner][\/vc_row_inner][\/vc_column][\/vc_row][vc_row unlock_row_content=&#8221;yes&#8221; row_height_percent=&#8221;0&#8243; override_padding=&#8221;yes&#8221; h_padding=&#8221;0&#8243; top_padding=&#8221;0&#8243; bottom_padding=&#8221;2&#8243; back_color=&#8221;color-lxmt&#8221; overlay_alpha=&#8221;50&#8243; gutter_size=&#8221;0&#8243; column_width_percent=&#8221;100&#8243; shift_y=&#8221;0&#8243; z_index=&#8221;0&#8243; content_parallax=&#8221;0&#8243; uncode_shortcode_id=&#8221;634302&#8243; back_color_type=&#8221;uncode-palette&#8221;][vc_column column_width_percent=&#8221;100&#8243; gutter_size=&#8221;0&#8243; overlay_alpha=&#8221;50&#8243; shift_x=&#8221;0&#8243; shift_y=&#8221;0&#8243; shift_y_down=&#8221;0&#8243; z_index=&#8221;0&#8243; medium_width=&#8221;0&#8243; mobile_width=&#8221;0&#8243; width=&#8221;2\/3&#8243; uncode_shortcode_id=&#8221;122665&#8243;][vc_row_inner row_inner_height_percent=&#8221;100&#8243; back_color=&#8221;color-lxmt&#8221; overlay_alpha=&#8221;50&#8243; equal_height=&#8221;yes&#8221; gutter_size=&#8221;3&#8243; shift_y=&#8221;0&#8243; z_index=&#8221;0&#8243; uncode_shortcode_id=&#8221;167982&#8243; back_color_type=&#8221;uncode-palette&#8221;][vc_column_inner column_width_percent=&#8221;80&#8243; position_vertical=&#8221;middle&#8221; gutter_size=&#8221;3&#8243; override_padding=&#8221;yes&#8221; column_padding=&#8221;2&#8243; overlay_alpha=&#8221;50&#8243; shift_x=&#8221;0&#8243; shift_y=&#8221;0&#8243; shift_y_down=&#8221;0&#8243; z_index=&#8221;0&#8243; medium_width=&#8221;0&#8243; mobile_width=&#8221;0&#8243; width=&#8221;1\/1&#8243; uncode_shortcode_id=&#8221;491466&#8243;][vc_custom_heading text_size=&#8221;fontsize-155944&#8243; text_weight=&#8221;400&#8243; uncode_shortcode_id=&#8221;178173&#8243;]Eeva-Liisa Lilja<br \/>\n<a href=\"http:\/\/www.fennopromo.fi\/\">Fennopromo Oy<\/a>[\/vc_custom_heading][vc_column_text text_lead=&#8221;yes&#8221; uncode_shortcode_id=&#8221;186487&#8243;]\u201cEano\u662f\u4e00\u4f4d\u9ad8\u6548\u4e14\u4e13\u4e1a\u7684\u51fa\u53e3\u5f00\u62d3\u8005\u3002\u516c\u53f8\u5728\u5f00\u62d3\u5177\u6709\u6311\u6218\u6027\u7684\u4e9a\u6d32\u5e02\u573a\u65b9\u9762\u62e5\u6709\u4e30\u5bcc\u7684\u5b9e\u8df5\u7ecf\u9a8c\u3002\u51ed\u501f\u5bf9\u5e02\u573a\u7684\u6df1\u5165\u4e86\u89e3\uff0c\u516c\u53f8\u80fd\u591f\u4e3a\u5ba2\u6237\u63d0\u4f9b\u6b63\u786e\u7684\u5e02\u573a\u51c6\u5165\u7b56\u7565\uff0c\u4ece\u800c\u8282\u7701\u65f6\u95f4\u548c\u91d1\u94b1\u3002Eano\u5177\u5907\u8bed\u8a00\u80fd\u529b\u3001\u6587\u5316\u77e5\u8bc6\u4ee5\u53ca\u76ee\u6807\u5e02\u573a\u73b0\u6210\u7684\u7f51\u7edc\u8d44\u6e90\uff0c\u8fd9\u5927\u5927\u52a0\u5feb\u4e86\u8fdb\u5165\u5e02\u573a\u7684\u901f\u5ea6\u3002\u6b64\u5916\uff0c\u516c\u53f8\u8fd8\u80fd\u591f\u4ee5\u5b9e\u7528\u7684\u65b9\u5f0f\u5bf9\u51fa\u53e3\u4f01\u4e1a\u8fdb\u884c\u57f9\u8bad\u3002\u6211\u63a8\u8350\u8fd9\u5bb6\u516c\u53f8\u7684\u670d\u52a1\uff0c\u5c24\u5176\u662f\u5bf9\u4e9a\u6d32\u98df\u54c1\u5e02\u573a\u611f\u5174\u8da3\u7684\u4f01\u4e1a\u3002\u201d<\/p>\n<p><em>\u7167\u7247\u6765\u6e90\uff1aFennopromo\uff0cFinnish Food Innovations<\/em>[\/vc_column_text][\/vc_column_inner][\/vc_row_inner][\/vc_column][vc_column column_width_percent=&#8221;100&#8243; align_horizontal=&#8221;align_center&#8221; gutter_size=&#8221;0&#8243; override_padding=&#8221;yes&#8221; column_padding=&#8221;0&#8243; overlay_alpha=&#8221;0&#8243; shift_x=&#8221;0&#8243; shift_y=&#8221;0&#8243; shift_y_down=&#8221;0&#8243; z_index=&#8221;0&#8243; medium_width=&#8221;0&#8243; mobile_width=&#8221;0&#8243; width=&#8221;1\/3&#8243; mobile_height=&#8221;340&#8243; uncode_shortcode_id=&#8221;159757&#8243;][vc_single_image media=&#8221;142241&#8243; media_width_percent=&#8221;100&#8243; uncode_shortcode_id=&#8221;153119&#8243;][\/vc_column][\/vc_row][vc_row unlock_row_content=&#8221;yes&#8221; row_height_percent=&#8221;0&#8243; override_padding=&#8221;yes&#8221; h_padding=&#8221;0&#8243; top_padding=&#8221;0&#8243; bottom_padding=&#8221;2&#8243; back_color=&#8221;color-lxmt&#8221; overlay_alpha=&#8221;50&#8243; gutter_size=&#8221;0&#8243; column_width_percent=&#8221;100&#8243; shift_y=&#8221;0&#8243; z_index=&#8221;0&#8243; inverted_device_order=&#8221;yes&#8221; content_parallax=&#8221;0&#8243; uncode_shortcode_id=&#8221;210526&#8243; back_color_type=&#8221;uncode-palette&#8221; shape_dividers=&#8221;&#8221;][vc_column column_width_percent=&#8221;100&#8243; align_horizontal=&#8221;align_center&#8221; gutter_size=&#8221;0&#8243; override_padding=&#8221;yes&#8221; column_padding=&#8221;0&#8243; overlay_alpha=&#8221;0&#8243; shift_x=&#8221;0&#8243; shift_y=&#8221;0&#8243; shift_y_down=&#8221;0&#8243; z_index=&#8221;0&#8243; medium_width=&#8221;0&#8243; mobile_width=&#8221;0&#8243; width=&#8221;1\/3&#8243; mobile_height=&#8221;340&#8243; uncode_shortcode_id=&#8221;156395&#8243;][vc_single_image media=&#8221;142282&#8243; media_width_percent=&#8221;100&#8243; uncode_shortcode_id=&#8221;131280&#8243;][\/vc_column][vc_column column_width_percent=&#8221;100&#8243; position_vertical=&#8221;middle&#8221; gutter_size=&#8221;0&#8243; overlay_alpha=&#8221;50&#8243; shift_x=&#8221;0&#8243; shift_y=&#8221;0&#8243; shift_y_down=&#8221;0&#8243; z_index=&#8221;0&#8243; medium_width=&#8221;0&#8243; mobile_width=&#8221;0&#8243; width=&#8221;2\/3&#8243; uncode_shortcode_id=&#8221;322899&#8243;][vc_row_inner row_inner_height_percent=&#8221;100&#8243; back_color=&#8221;color-lxmt&#8221; overlay_alpha=&#8221;50&#8243; equal_height=&#8221;yes&#8221; gutter_size=&#8221;0&#8243; shift_y=&#8221;0&#8243; z_index=&#8221;0&#8243; uncode_shortcode_id=&#8221;153919&#8243; back_color_type=&#8221;uncode-palette&#8221;][vc_column_inner column_width_percent=&#8221;80&#8243; position_vertical=&#8221;middle&#8221; gutter_size=&#8221;3&#8243; override_padding=&#8221;yes&#8221; column_padding=&#8221;2&#8243; overlay_alpha=&#8221;50&#8243; shift_x=&#8221;0&#8243; shift_y=&#8221;0&#8243; shift_y_down=&#8221;0&#8243; z_index=&#8221;0&#8243; medium_width=&#8221;0&#8243; mobile_width=&#8221;0&#8243; width=&#8221;1\/1&#8243; uncode_shortcode_id=&#8221;105446&#8243;][vc_custom_heading text_size=&#8221;fontsize-155944&#8243; text_weight=&#8221;400&#8243; uncode_shortcode_id=&#8221;147591&#8243;]Petri Autere<br \/>\n<a href=\"http:\/\/www.vanajan.fi\/fi\/\">Vanajan Keksit Oy<\/a>[\/vc_custom_heading][vc_column_text text_lead=&#8221;yes&#8221; uncode_shortcode_id=&#8221;213038&#8243;]\u201c\u6211\u4eec\u5e76\u6ca1\u6709\u9047\u5230\u5177\u4f53\u7684\u95ee\u9898\uff0c\u4f46\u5e0c\u671b\u5bf9\u4e2d\u56fd\u5e02\u573a\u8fdb\u884c\u66f4\u6df1\u5165\u7684\u7814\u7a76\uff0c\u4ee5\u4e86\u89e3\u6211\u4eec\u5728\u8be5\u5e02\u573a\u63a8\u51fa\u5e76\u9500\u552e\u4ea7\u54c1\u7684\u53ef\u80fd\u6027\u3002\u7531\u4e8e\u4e2d\u56fd\u5e02\u573a\u53ca\u5176\u5e02\u573a\u7ed3\u6784\u5177\u6709\u81ea\u8eab\u7684\u72ec\u7279\u6027\uff0c\u4e14\u5546\u4e1a\u8fd0\u4f5c\u65b9\u5f0f\u76f8\u5bf9\u590d\u6742\uff0c\u56e0\u6b64\u9700\u8981\u672c\u5730\u5316\u7684\u4e13\u4e1a\u77e5\u8bc6\u6765\u8fdb\u884cSWOT\u5206\u6790\u3001\u4ea7\u54c1\u548c\u6280\u672f\u7814\u7a76\uff0c\u4ee5\u53ca\u7406\u89e3\u5ba2\u6237\u5173\u7cfb\u4e2d\u7684\u9700\u6c42\u3002Eano \u63d0\u4f9b\u7684\u6574\u4f53\u670d\u52a1\u975e\u5e38\u51fa\u8272\u4e14\u7075\u6d3b\u3002\u5bf9\u6211\u4eec\u6765\u8bf4\uff0c\u5408\u4f5c\u7684\u6838\u5fc3\u5728\u4e8e\u5f7c\u6b64\u7684\u4fe1\u4efb\u4ee5\u53ca\u91cf\u8eab\u5b9a\u5236\u670d\u52a1\u65b9\u6848\u7684\u4f18\u52bf\u3002\u4ed6\u4eec\u8ba9\u6211\u4eec\u611f\u5230\u6700\u5927\u7684\u60ca\u8bb6\u662f\u4e2d\u56fd\u5e02\u573a\u7684\u590d\u6742\u6027\uff0c\u4ee5\u53ca\u5bfb\u627e\u4f18\u8d28\u53ef\u9760\u5408\u4f5c\u4f19\u4f34\u6240\u9762\u4e34\u7684\u6311\u6218\u3002\u663e\u7136\uff0c\u6700\u4ee4\u4eba\u9ad8\u5174\u7684\u65f6\u523b\u662f\u6211\u4eec\u4e0e Eano \u4e00\u8d77\u8fbe\u6210\u4e86\u5171\u540c\u8ba1\u5212\u4e2d\u7684\u6bcf\u4e00\u4e2a\u6b65\u9aa4\u548c\u76ee\u6807\u3002\u6211\u7531\u8877\u5730\u63a8\u8350 Eano \u7ed9\u4efb\u4f55\u6b63\u5728\u8003\u8651\u6216\u6709\u610f\u8fdb\u5165\u4e2d\u56fd\u5e02\u573a\u7684\u516c\u53f8\u3002\u53ea\u8981\u524d\u671f\u51c6\u5907\u5de5\u4f5c\u505a\u5f97\u5145\u5206\u4e14\u7ec6\u81f4\uff0c\u5c31\u7b49\u4e8e\u6210\u529f\u4e86\u4e00\u534a\u3002\u5728\u5927\u591a\u6570\u60c5\u51b5\u4e0b\uff0c\u50cf Eano \u8fd9\u6837\u7684\u5916\u90e8\u652f\u6301\u662f\u957f\u671f\u51fa\u53e3\u8ba1\u5212\u4e2d\u4e0d\u53ef\u6216\u7f3a\u7684\u4e00\u90e8\u5206\u3002\u201d<\/p>\n<p><em>\u6d77\u62a5\u6765\u6e90\uff1a2018\u5e74SIAL\u4e2d\u56fd\u56fd\u9645\u98df\u54c1\u5c55\uff0c\u4e0a\u6d77<\/em>[\/vc_column_text][\/vc_column_inner][\/vc_row_inner][\/vc_column][\/vc_row][vc_row unlock_row_content=&#8221;yes&#8221; row_height_percent=&#8221;0&#8243; override_padding=&#8221;yes&#8221; h_padding=&#8221;0&#8243; top_padding=&#8221;0&#8243; bottom_padding=&#8221;0&#8243; back_color=&#8221;color-lxmt&#8221; overlay_alpha=&#8221;50&#8243; gutter_size=&#8221;0&#8243; column_width_percent=&#8221;100&#8243; shift_y=&#8221;0&#8243; z_index=&#8221;0&#8243; content_parallax=&#8221;0&#8243; uncode_shortcode_id=&#8221;752947&#8243; back_color_type=&#8221;uncode-palette&#8221;][vc_column column_width_percent=&#8221;100&#8243; gutter_size=&#8221;0&#8243; overlay_alpha=&#8221;50&#8243; shift_x=&#8221;0&#8243; shift_y=&#8221;0&#8243; shift_y_down=&#8221;0&#8243; z_index=&#8221;0&#8243; medium_width=&#8221;0&#8243; mobile_width=&#8221;0&#8243; width=&#8221;2\/3&#8243; uncode_shortcode_id=&#8221;122665&#8243;][vc_row_inner row_inner_height_percent=&#8221;100&#8243; back_color=&#8221;color-lxmt&#8221; overlay_alpha=&#8221;50&#8243; equal_height=&#8221;yes&#8221; gutter_size=&#8221;3&#8243; shift_y=&#8221;0&#8243; z_index=&#8221;0&#8243; uncode_shortcode_id=&#8221;167982&#8243; back_color_type=&#8221;uncode-palette&#8221;][vc_column_inner column_width_percent=&#8221;80&#8243; position_vertical=&#8221;middle&#8221; gutter_size=&#8221;3&#8243; override_padding=&#8221;yes&#8221; column_padding=&#8221;2&#8243; overlay_alpha=&#8221;50&#8243; shift_x=&#8221;0&#8243; shift_y=&#8221;0&#8243; shift_y_down=&#8221;0&#8243; z_index=&#8221;0&#8243; medium_width=&#8221;0&#8243; mobile_width=&#8221;0&#8243; width=&#8221;1\/1&#8243; uncode_shortcode_id=&#8221;491466&#8243;][vc_custom_heading text_size=&#8221;fontsize-155944&#8243; text_weight=&#8221;400&#8243; uncode_shortcode_id=&#8221;149105&#8243;]<a href=\"https:\/\/ruokatieto.fi\">Ruokatieto Yhdistys ry<\/a><br \/>\n\u4f1a\u8ba1\u4e0e\u85aa\u8d44[\/vc_custom_heading][vc_column_text text_lead=&#8221;yes&#8221; uncode_shortcode_id=&#8221;128691&#8243;]\u5728\u6b27\u76df\u519c\u4e1a\u9879\u76ee\u6846\u67b6\u4e0b\u5f00\u5c55\u7684\u4e3a\u671f\u4e09\u5e74\u7684\u63a8\u5e7f\u6d3b\u52a8\uff0c\u9884\u7b97\u4e3a300\u4e07\u6b27\u5143\uff0c\u76ee\u6807\u5e02\u573a\u4e3a\u4e2d\u56fd\u3002[\/vc_column_text][\/vc_column_inner][\/vc_row_inner][\/vc_column][vc_column column_width_percent=&#8221;100&#8243; align_horizontal=&#8221;align_center&#8221; gutter_size=&#8221;0&#8243; override_padding=&#8221;yes&#8221; column_padding=&#8221;0&#8243; overlay_alpha=&#8221;0&#8243; shift_x=&#8221;0&#8243; shift_y=&#8221;0&#8243; shift_y_down=&#8221;0&#8243; z_index=&#8221;0&#8243; medium_width=&#8221;0&#8243; mobile_width=&#8221;0&#8243; width=&#8221;1\/3&#8243; mobile_height=&#8221;340&#8243; uncode_shortcode_id=&#8221;747528&#8243;][vc_single_image media=&#8221;142368&#8243; media_width_percent=&#8221;100&#8243; uncode_shortcode_id=&#8221;951720&#8243;][\/vc_column][\/vc_row]<\/p>\n","protected":false},"excerpt":{"rendered":"<p>[vc_row row_height_p [&hellip;]<\/p>\n","protected":false},"author":1,"featured_media":0,"parent":0,"menu_order":0,"comment_status":"closed","ping_status":"closed","template":"","meta":{"footnotes":""},"class_list":["post-142409","page","type-page","status-publish","hentry"],"_links":{"self":[{"href":"https:\/\/www.eano.fi\/zh\/wp-json\/wp\/v2\/pages\/142409","targetHints":{"allow":["GET"]}}],"collection":[{"href":"https:\/\/www.eano.fi\/zh\/wp-json\/wp\/v2\/pages"}],"about":[{"href":"https:\/\/www.eano.fi\/zh\/wp-json\/wp\/v2\/types\/page"}],"author":[{"embeddable":true,"href":"https:\/\/www.eano.fi\/zh\/wp-json\/wp\/v2\/users\/1"}],"replies":[{"embeddable":true,"href":"https:\/\/www.eano.fi\/zh\/wp-json\/wp\/v2\/comments?post=142409"}],"version-history":[{"count":13,"href":"https:\/\/www.eano.fi\/zh\/wp-json\/wp\/v2\/pages\/142409\/revisions"}],"predecessor-version":[{"id":142472,"href":"https:\/\/www.eano.fi\/zh\/wp-json\/wp\/v2\/pages\/142409\/revisions\/142472"}],"wp:attachment":[{"href":"https:\/\/www.eano.fi\/zh\/wp-json\/wp\/v2\/media?parent=142409"}],"curies":[{"name":"wp","href":"https:\/\/api.w.org\/{rel}","templated":true}]}}